{"id":484,"date":"2026-02-20T01:01:11","date_gmt":"2026-02-20T01:01:11","guid":{"rendered":"https:\/\/goldenpacific.co\/?page_id=484"},"modified":"2026-03-03T20:44:25","modified_gmt":"2026-03-03T20:44:25","slug":"ubicacion-2","status":"publish","type":"page","link":"https:\/\/goldenpacific.co\/en\/ubicacion-2\/","title":{"rendered":"Contact us"},"content":{"rendered":"<div data-elementor-type=\"wp-page\" data-elementor-id=\"484\" class=\"elementor elementor-484\">\n\t\t\t\t<div class=\"elementor-element elementor-element-571a498 e-con-full e-flex e-con e-parent\" data-id=\"571a498\" data-element_type=\"container\" data-e-type=\"container\" data-settings=\"{&quot;background_background&quot;:&quot;classic&quot;}\">\n\t\t\t\t<div class=\"elementor-element elementor-element-42bb83e elementor-widget elementor-widget-heading\" data-id=\"42bb83e\" data-element_type=\"widget\" data-e-type=\"widget\" data-widget_type=\"heading.default\">\n\t\t\t\t\t<h2 class=\"elementor-heading-title elementor-size-default\">Let\u2019s work together<\/h2>\t\t\t\t<\/div>\n\t\t\t\t<div class=\"elementor-element elementor-element-cb938a1 elementor-widget elementor-widget-text-editor\" data-id=\"cb938a1\" data-element_type=\"widget\" data-e-type=\"widget\" data-widget_type=\"text-editor.default\">\n\t\t\t\t\t\t\t\t\t<p>Interested in working together? <br \/>Contact us and we will be in touch shortly! We can't wait to hear from you!<\/p>\t\t\t\t\t\t\t\t<\/div>\n\t\t\t\t<\/div>\n\t\t<div class=\"elementor-element elementor-element-746ff83e e-flex e-con-boxed e-con e-parent\" data-id=\"746ff83e\" data-element_type=\"container\" data-e-type=\"container\" data-settings=\"{&quot;background_background&quot;:&quot;classic&quot;}\">\n\t\t\t\t\t<div class=\"e-con-inner\">\n\t\t<div class=\"elementor-element elementor-element-5cfa339 e-con-full e-flex e-con e-child\" data-id=\"5cfa339\" data-element_type=\"container\" data-e-type=\"container\">\n\t\t\t\t<div class=\"elementor-element elementor-element-769b5c7a elementor-widget elementor-widget-heading\" data-id=\"769b5c7a\" data-element_type=\"widget\" data-e-type=\"widget\" data-widget_type=\"heading.default\">\n\t\t\t\t\t<h2 class=\"elementor-heading-title elementor-size-default\">Contact us<\/h2>\t\t\t\t<\/div>\n\t\t\t\t<div class=\"elementor-element elementor-element-21a40420 elementor-widget elementor-widget-text-editor\" data-id=\"21a40420\" data-element_type=\"widget\" data-e-type=\"widget\" data-widget_type=\"text-editor.default\">\n\t\t\t\t\t\t\t\t\t<p>+506 8856-7000<br \/>rfallas@grupobatgal.com<\/p><p>Parrita, Parrita<br \/>Puntarenas, Costa Rica<br \/>60901<\/p>\t\t\t\t\t\t\t\t<\/div>\n\t\t\t\t<div class=\"elementor-element elementor-element-285f276 e-grid-align-left elementor-shape-rounded elementor-grid-0 elementor-widget elementor-widget-social-icons\" data-id=\"285f276\" data-element_type=\"widget\" data-e-type=\"widget\" data-widget_type=\"social-icons.default\">\n\t\t\t\t\t\t\t<div class=\"elementor-social-icons-wrapper elementor-grid\" role=\"list\">\n\t\t\t\t\t\t\t<span class=\"elementor-grid-item\" role=\"listitem\">\n\t\t\t\t\t<a class=\"elementor-icon elementor-social-icon elementor-social-icon-instagram elementor-repeater-item-3d74e47\" href=\"https:\/\/www.instagram.com\/goldenpacific.co\/\" target=\"_blank\">\n\t\t\t\t\t\t<span class=\"elementor-screen-only\">Instagram<\/span>\n\t\t\t\t\t\t<svg aria-hidden=\"true\" class=\"e-font-icon-svg e-fab-instagram\" viewbox=\"0 0 448 512\" xmlns=\"http:\/\/www.w3.org\/2000\/svg\"><path d=\"M224.1 141c-63.6 0-114.9 51.3-114.9 114.9s51.3 114.9 114.9 114.9S339 319.5 339 255.9 287.7 141 224.1 141zm0 189.6c-41.1 0-74.7-33.5-74.7-74.7s33.5-74.7 74.7-74.7 74.7 33.5 74.7 74.7-33.6 74.7-74.7 74.7zm146.4-194.3c0 14.9-12 26.8-26.8 26.8-14.9 0-26.8-12-26.8-26.8s12-26.8 26.8-26.8 26.8 12 26.8 26.8zm76.1 27.2c-1.7-35.9-9.9-67.7-36.2-93.9-26.2-26.2-58-34.4-93.9-36.2-37-2.1-147.9-2.1-184.9 0-35.8 1.7-67.6 9.9-93.9 36.1s-34.4 58-36.2 93.9c-2.1 37-2.1 147.9 0 184.9 1.7 35.9 9.9 67.7 36.2 93.9s58 34.4 93.9 36.2c37 2.1 147.9 2.1 184.9 0 35.9-1.7 67.7-9.9 93.9-36.2 26.2-26.2 34.4-58 36.2-93.9 2.1-37 2.1-147.8 0-184.8zM398.8 388c-7.8 19.6-22.9 34.7-42.6 42.6-29.5 11.7-99.5 9-132.1 9s-102.7 2.6-132.1-9c-19.6-7.8-34.7-22.9-42.6-42.6-11.7-29.5-9-99.5-9-132.1s-2.6-102.7 9-132.1c7.8-19.6 22.9-34.7 42.6-42.6 29.5-11.7 99.5-9 132.1-9s102.7-2.6 132.1 9c19.6 7.8 34.7 22.9 42.6 42.6 11.7 29.5 9 99.5 9 132.1s2.7 102.7-9 132.1z\"><\/path><\/svg>\t\t\t\t\t<\/a>\n\t\t\t\t<\/span>\n\t\t\t\t\t\t\t<span class=\"elementor-grid-item\" role=\"listitem\">\n\t\t\t\t\t<a class=\"elementor-icon elementor-social-icon elementor-social-icon-facebook elementor-repeater-item-22a8796\" href=\"https:\/\/www.facebook.com\/goldenpacific.co\" target=\"_blank\">\n\t\t\t\t\t\t<span class=\"elementor-screen-only\">Facebook<\/span>\n\t\t\t\t\t\t<svg aria-hidden=\"true\" class=\"e-font-icon-svg e-fab-facebook\" viewbox=\"0 0 512 512\" xmlns=\"http:\/\/www.w3.org\/2000\/svg\"><path d=\"M504 256C504 119 393 8 256 8S8 119 8 256c0 123.78 90.69 226.38 209.25 245V327.69h-63V256h63v-54.64c0-62.15 37-96.48 93.67-96.48 27.14 0 55.52 4.84 55.52 4.84v61h-31.28c-30.8 0-40.41 19.12-40.41 38.73V256h68.78l-11 71.69h-57.78V501C413.31 482.38 504 379.78 504 256z\"><\/path><\/svg>\t\t\t\t\t<\/a>\n\t\t\t\t<\/span>\n\t\t\t\t\t\t\t<span class=\"elementor-grid-item\" role=\"listitem\">\n\t\t\t\t\t<a class=\"elementor-icon elementor-social-icon elementor-social-icon-youtube elementor-repeater-item-0efbc9e\" href=\"https:\/\/www.youtube.com\/@grupobatgal\" target=\"_blank\">\n\t\t\t\t\t\t<span class=\"elementor-screen-only\">Youtube<\/span>\n\t\t\t\t\t\t<svg aria-hidden=\"true\" class=\"e-font-icon-svg e-fab-youtube\" viewbox=\"0 0 576 512\" xmlns=\"http:\/\/www.w3.org\/2000\/svg\"><path d=\"M549.655 124.083c-6.281-23.65-24.787-42.276-48.284-48.597C458.781 64 288 64 288 64S117.22 64 74.629 75.486c-23.497 6.322-42.003 24.947-48.284 48.597-11.412 42.867-11.412 132.305-11.412 132.305s0 89.438 11.412 132.305c6.281 23.65 24.787 41.5 48.284 47.821C117.22 448 288 448 288 448s170.78 0 213.371-11.486c23.497-6.321 42.003-24.171 48.284-47.821 11.412-42.867 11.412-132.305 11.412-132.305s0-89.438-11.412-132.305zm-317.51 213.508V175.185l142.739 81.205-142.739 81.201z\"><\/path><\/svg>\t\t\t\t\t<\/a>\n\t\t\t\t<\/span>\n\t\t\t\t\t<\/div>\n\t\t\t\t\t\t<\/div>\n\t\t\t\t<\/div>\n\t\t<div class=\"elementor-element elementor-element-4a419bea e-con-full e-flex e-con e-child\" data-id=\"4a419bea\" data-element_type=\"container\" data-e-type=\"container\">\n\t\t\t\t<div class=\"elementor-element elementor-element-7595cb4d elementor-hidden-desktop elementor-widget elementor-widget-heading\" data-id=\"7595cb4d\" data-element_type=\"widget\" data-e-type=\"widget\" data-widget_type=\"heading.default\">\n\t\t\t\t\t<h2 class=\"elementor-heading-title elementor-size-default\">Env\u00edenos un mensaje<\/h2>\t\t\t\t<\/div>\n\t\t\t\t<div class=\"elementor-element elementor-element-2a2f54e2 elementor-widget elementor-widget-shortcode\" data-id=\"2a2f54e2\" data-element_type=\"widget\" data-e-type=\"widget\" data-no-translation=\"\" data-widget_type=\"shortcode.default\">\n\t\t\t\t\t<style>.elementor-element-2a2f54e2{display:none !important}<\/style>\t\t\t\t<\/div>\n\t\t\t\t<div class=\"elementor-element elementor-element-1ffdc8ef elementor-widget elementor-widget-shortcode\" data-id=\"1ffdc8ef\" data-element_type=\"widget\" data-e-type=\"widget\" data-no-translation=\"\" data-widget_type=\"shortcode.default\">\n\t\t\t\t\t\t\t<div class=\"elementor-shortcode\"><div class=\"forminator-ui forminator-custom-form forminator-custom-form-643 forminator-design--material  forminator_ajax\" data-forminator-render=\"0\" data-form=\"forminator-module-643\" data-uid=\"69deed43b66f7\"><br\/><\/div><form\n\t\t\t\tid=\"forminator-module-643\"\n\t\t\t\tclass=\"forminator-ui forminator-custom-form forminator-custom-form-643 forminator-design--material  forminator_ajax\"\n\t\t\t\tmethod=\"post\"\n\t\t\t\tdata-forminator-render=\"0\"\n\t\t\t\tdata-form-id=\"643\"\n\t\t\t\t data-color-option=\"theme\" data-design=\"material\" data-grid=\"open\" style=\"display: none;\"\n\t\t\t\tdata-uid=\"69deed43b66f7\" action=\"\"\n\t\t\t><div role=\"alert\" aria-live=\"polite\" class=\"forminator-response-message forminator-error\" aria-hidden=\"true\"><\/div><div class=\"forminator-row\"><div id=\"name-1\" class=\"forminator-field-name forminator-col forminator-col-12\"><div class=\"forminator-row forminator-no-margin\" data-multiple=\"true\"><div class=\"forminator-col forminator-col-md-6\"><div class=\"forminator-field\"><label for=\"forminator-field-first-name-1_69deed43b66f7\" id=\"forminator-field-first-name-1_69deed43b66f7-label\" class=\"forminator-label\">Name <span class=\"forminator-required\">*<\/span><\/label><input type=\"text\" name=\"name-1-first-name\" placeholder=\"\" id=\"forminator-field-first-name-1_69deed43b66f7\" class=\"forminator-input\" aria-required=\"true\" data-multi=\"1\" autocomplete=\"given-name\" value=\"\" \/><\/div><\/div><div class=\"forminator-col forminator-col-md-6\"><div class=\"forminator-field\"><label for=\"forminator-field-last-name-1_69deed43b66f7\" id=\"forminator-field-last-name-1_69deed43b66f7-label\" class=\"forminator-label\">Last Name <span class=\"forminator-required\">*<\/span><\/label><input type=\"text\" name=\"name-1-last-name\" placeholder=\"\" id=\"forminator-field-last-name-1_69deed43b66f7\" class=\"forminator-input\" aria-required=\"true\" data-multi=\"1\" autocomplete=\"family-name\" value=\"\" \/><\/div><\/div><\/div><\/div><\/div><div class=\"forminator-row\"><div id=\"email-1\" class=\"forminator-field-email forminator-col forminator-col-12\"><div class=\"forminator-field\"><label for=\"forminator-field-email-1_69deed43b66f7\" id=\"forminator-field-email-1_69deed43b66f7-label\" class=\"forminator-label\">Email<\/label><input type=\"email\" name=\"email-1\" value=\"\" placeholder=\"\" id=\"forminator-field-email-1_69deed43b66f7\" class=\"forminator-input forminator-email--field\" data-required=\"\" aria-required=\"false\" autocomplete=\"email\" \/><\/div><\/div><\/div><div class=\"forminator-row\"><div id=\"phone-1\" class=\"forminator-field-phone forminator-col forminator-col-12\"><div class=\"forminator-field\"><label for=\"forminator-field-phone-1_69deed43b66f7\" id=\"forminator-field-phone-1_69deed43b66f7-label\" class=\"forminator-label\">Phone<\/label><input type=\"text\" name=\"phone-1\" value=\"\" placeholder=\"\" id=\"forminator-field-phone-1_69deed43b66f7\" class=\"forminator-input forminator-field--phone\" data-required=\"\" aria-required=\"false\" autocomplete=\"off\" data-national_mode=\"disabled\" data-country=\"cr\" data-validation=\"international\" \/><\/div><\/div><\/div><div class=\"forminator-row\"><div id=\"text-1\" class=\"forminator-field-text forminator-col forminator-col-12\"><div class=\"forminator-field\"><label for=\"forminator-field-text-1_69deed43b66f7\" id=\"forminator-field-text-1_69deed43b66f7-label\" class=\"forminator-label\">Company<\/label><input type=\"text\" name=\"text-1\" value=\"\" placeholder=\"\" id=\"forminator-field-text-1_69deed43b66f7\" class=\"forminator-input forminator-name--field\" data-required=\"\" \/><\/div><\/div><\/div><div class=\"forminator-row\"><div id=\"textarea-1\" class=\"forminator-field-textarea forminator-col forminator-col-12\"><div class=\"forminator-field\"><label for=\"forminator-field-textarea-1_69deed43b66f7\" id=\"forminator-field-textarea-1_69deed43b66f7-label\" class=\"forminator-label\">Message<\/label><textarea name=\"textarea-1\" placeholder=\"\" id=\"forminator-field-textarea-1_69deed43b66f7\" class=\"forminator-textarea\" rows=\"6\" style=\"min-height:140px;\" ><\/textarea><\/div><\/div><\/div><input type=\"hidden\" name=\"referer_url\" value=\"\" \/><style>#cf-turnstile-fmntr-643 { margin-left: 0px !important; }<\/style>\t\t<div id=\"cf-turnstile-fmntr-643\"\r\n\t\tclass=\"cf-turnstile\" \t\tdata-sitekey=\"0x4AAAAAAClChPWH-Wd752rx\"\r\n\t\tdata-theme=\"light\"\r\n\t\tdata-language=\"auto\"\r\n\t\tdata-size=\"normal\"\r\n\t\tdata-retry=\"auto\" data-retry-interval=\"1000\"\r\n\t\tdata-refresh-expired=\"auto\"\r\n\t\tdata-action=\"forminator-form-643\"\r\n\t\t\t\tdata-appearance=\"always\"><\/div>\r\n\t\t\t<script>document.addEventListener(\"DOMContentLoaded\", function() { setTimeout(function(){ var e=document.getElementById(\"cf-turnstile-fmntr-643\"); e&&!e.innerHTML.trim()&&(turnstile.remove(\"#cf-turnstile-fmntr-643\"), turnstile.render(\"#cf-turnstile-fmntr-643\", {sitekey:\"0x4AAAAAAClChPWH-Wd752rx\"})); }, 100); });<\/script>\r\n\t\t\t<br class=\"cf-turnstile-br cf-turnstile-br-fmntr-643\">\r\n\t\t\t\t<style>#cf-turnstile-fmntr-643 { margin-left: -15px; }<\/style>\r\n\t\t                        <script>\r\n            \/\/ On ajax.complete run turnstile.render if element is empty\r\n            jQuery(document).ajaxComplete(function() {\r\n                setTimeout(function() {\r\n                    if (document.getElementById('cf-turnstile-fmntr-643')) {\r\n                        if(!document.getElementById('cf-turnstile-fmntr-643').innerHTML.trim()) {\r\n                                turnstile.remove('#cf-turnstile-fmntr-643');\r\n                                turnstile.render('#cf-turnstile-fmntr-643');\r\n                        }\r\n                    }\r\n                }, 1000);\r\n            });\r\n            \/\/ Enable Submit Button Function\r\n            function turnstileForminatorCallback() {\r\n                document.querySelectorAll('.forminator-button, .forminator-button-submit').forEach(function(el) {\r\n                    el.style.pointerEvents = 'auto';\r\n                    el.style.opacity = '1';\r\n                });\r\n            }\r\n            \/\/ On submit re-render\r\n            jQuery(document).ready(function() {\r\n                jQuery('.forminator-custom-form').on('submit', function() {\r\n                    if(document.getElementById('cf-turnstile-fmntr-643')) {\r\n                        setTimeout(function() {\r\n                            turnstile.remove('#cf-turnstile-fmntr-643');\r\n                            turnstile.render('#cf-turnstile-fmntr-643');\r\n                        }, 1000);\r\n                    }\r\n                });\r\n            });\r\n            <\/script>\r\n                        <div class=\"forminator-row forminator-row-last\"><div class=\"forminator-col\"><div class=\"forminator-field\"><button class=\"forminator-button forminator-button-submit\"><span>Submit<\/span><span aria-hidden=\"true\"><\/span><\/button><\/div><\/div><\/div><input type=\"hidden\" id=\"forminator_nonce\" name=\"forminator_nonce\" value=\"0427633bcc\" \/><input type=\"hidden\" name=\"_wp_http_referer\" value=\"\/en\/wp-json\/wp\/v2\/pages\/484\" \/><input type=\"hidden\" name=\"form_id\" value=\"643\"><input type=\"hidden\" name=\"page_id\" value=\"484\"><input type=\"hidden\" name=\"form_type\" value=\"default\"><input type=\"hidden\" name=\"current_url\" value=\"https:\/\/goldenpacific.co\/en\/ubicacion-2\/\"><input type=\"hidden\" name=\"render_id\" value=\"0\"><input type=\"hidden\" name=\"action\" value=\"forminator_submit_form_custom-forms\"><input type=\"hidden\" name=\"trp-form-language\" value=\"en\"\/><\/form><\/div>\n\t\t\t\t\t\t<\/div>\n\t\t\t\t<\/div>\n\t\t\t\t\t<\/div>\n\t\t\t\t<\/div>\n\t\t\t\t<\/div>","protected":false},"excerpt":{"rendered":"<p>Trabajemos juntos \u00bfLe interesa trabajar con nosotros? Escr\u00edbanos y estaremos en contacto muy pronto. \u00a1Nos encantar\u00e1 saber de usted! Cont\u00e1ctenos +506 8856-7000rfallas@grupobatgal.com Parrita, ParritaPuntarenas, Costa Rica60901 Instagram Facebook Youtube Env\u00edenos un mensaje<\/p>","protected":false},"author":1,"featured_media":0,"parent":0,"menu_order":0,"comment_status":"closed","ping_status":"closed","template":"","meta":{"footnotes":""},"class_list":["post-484","page","type-page","status-publish","hentry"],"yoast_head":"<!-- This site is optimized with the Yoast SEO plugin v27.0 - https:\/\/yoast.com\/product\/yoast-seo-wordpress\/ -->\n<title>Cont\u00e1ctenos - Golden Pacific<\/title>\n<meta name=\"robots\" content=\"index, follow, max-snippet:-1, max-image-preview:large, max-video-preview:-1\" \/>\n<link rel=\"canonical\" href=\"https:\/\/goldenpacific.co\/en\/ubicacion-2\/\" \/>\n<meta property=\"og:locale\" content=\"en_US\" \/>\n<meta property=\"og:type\" content=\"article\" \/>\n<meta property=\"og:title\" content=\"Cont\u00e1ctenos - Golden Pacific\" \/>\n<meta property=\"og:description\" content=\"Trabajemos juntos \u00bfLe interesa trabajar con nosotros? Escr\u00edbanos y estaremos en contacto muy pronto. \u00a1Nos encantar\u00e1 saber de usted! Cont\u00e1ctenos +506 8856-7000rfallas@grupobatgal.com Parrita, ParritaPuntarenas, Costa Rica60901 Instagram Facebook Youtube Env\u00edenos un mensaje\" \/>\n<meta property=\"og:url\" content=\"https:\/\/goldenpacific.co\/en\/ubicacion-2\/\" \/>\n<meta property=\"og:site_name\" content=\"Golden Pacific\" \/>\n<meta property=\"article:publisher\" content=\"https:\/\/www.facebook.com\/goldenpacific.co\" \/>\n<meta property=\"article:modified_time\" content=\"2026-03-03T20:44:25+00:00\" \/>\n<meta property=\"og:image\" content=\"https:\/\/goldenpacific.co\/wp-content\/uploads\/2026\/02\/cropped-favicongp.jpg\" \/>\n\t<meta property=\"og:image:width\" content=\"512\" \/>\n\t<meta property=\"og:image:height\" content=\"512\" \/>\n\t<meta property=\"og:image:type\" content=\"image\/jpeg\" \/>\n<meta name=\"twitter:card\" content=\"summary_large_image\" \/>\n<meta name=\"twitter:label1\" content=\"Est. reading time\" \/>\n\t<meta name=\"twitter:data1\" content=\"6 minutes\" \/>\n<script type=\"application\/ld+json\" class=\"yoast-schema-graph\">{\"@context\":\"https:\/\/schema.org\",\"@graph\":[{\"@type\":\"WebPage\",\"@id\":\"https:\/\/goldenpacific.co\/ubicacion-2\/\",\"url\":\"https:\/\/goldenpacific.co\/ubicacion-2\/\",\"name\":\"Cont\u00e1ctenos - Golden Pacific\",\"isPartOf\":{\"@id\":\"https:\/\/goldenpacific.co\/#website\"},\"datePublished\":\"2026-02-20T01:01:11+00:00\",\"dateModified\":\"2026-03-03T20:44:25+00:00\",\"breadcrumb\":{\"@id\":\"https:\/\/goldenpacific.co\/ubicacion-2\/#breadcrumb\"},\"inLanguage\":\"en-US\",\"potentialAction\":[{\"@type\":\"ReadAction\",\"target\":[\"https:\/\/goldenpacific.co\/ubicacion-2\/\"]}]},{\"@type\":\"BreadcrumbList\",\"@id\":\"https:\/\/goldenpacific.co\/ubicacion-2\/#breadcrumb\",\"itemListElement\":[{\"@type\":\"ListItem\",\"position\":1,\"name\":\"Home\",\"item\":\"https:\/\/goldenpacific.co\/\"},{\"@type\":\"ListItem\",\"position\":2,\"name\":\"Cont\u00e1ctenos\"}]},{\"@type\":\"WebSite\",\"@id\":\"https:\/\/goldenpacific.co\/#website\",\"url\":\"https:\/\/goldenpacific.co\/\",\"name\":\"Golden Pacific\",\"description\":\"Chips de Pl\u00e1tano Hechos en Costa Rica\",\"publisher\":{\"@id\":\"https:\/\/goldenpacific.co\/#organization\"},\"potentialAction\":[{\"@type\":\"SearchAction\",\"target\":{\"@type\":\"EntryPoint\",\"urlTemplate\":\"https:\/\/goldenpacific.co\/?s={search_term_string}\"},\"query-input\":{\"@type\":\"PropertyValueSpecification\",\"valueRequired\":true,\"valueName\":\"search_term_string\"}}],\"inLanguage\":\"en-US\"},{\"@type\":\"Organization\",\"@id\":\"https:\/\/goldenpacific.co\/#organization\",\"name\":\"Golden Pacific\",\"url\":\"https:\/\/goldenpacific.co\/\",\"logo\":{\"@type\":\"ImageObject\",\"inLanguage\":\"en-US\",\"@id\":\"https:\/\/goldenpacific.co\/#\/schema\/logo\/image\/\",\"url\":\"https:\/\/goldenpacific.co\/wp-content\/uploads\/2026\/02\/cropped-favicongp.jpg\",\"contentUrl\":\"https:\/\/goldenpacific.co\/wp-content\/uploads\/2026\/02\/cropped-favicongp.jpg\",\"width\":512,\"height\":512,\"caption\":\"Golden Pacific\"},\"image\":{\"@id\":\"https:\/\/goldenpacific.co\/#\/schema\/logo\/image\/\"},\"sameAs\":[\"https:\/\/www.facebook.com\/goldenpacific.co\",\"https:\/\/www.instagram.com\/goldenpacific.co\/\"]}]}<\/script>\n<!-- \/ Yoast SEO plugin. -->","yoast_head_json":{"title":"Cont\u00e1ctenos - Golden Pacific","robots":{"index":"index","follow":"follow","max-snippet":"max-snippet:-1","max-image-preview":"max-image-preview:large","max-video-preview":"max-video-preview:-1"},"canonical":"https:\/\/goldenpacific.co\/en\/ubicacion-2\/","og_locale":"en_US","og_type":"article","og_title":"Cont\u00e1ctenos - Golden Pacific","og_description":"Trabajemos juntos \u00bfLe interesa trabajar con nosotros? Escr\u00edbanos y estaremos en contacto muy pronto. \u00a1Nos encantar\u00e1 saber de usted! Cont\u00e1ctenos +506 8856-7000rfallas@grupobatgal.com Parrita, ParritaPuntarenas, Costa Rica60901 Instagram Facebook Youtube Env\u00edenos un mensaje","og_url":"https:\/\/goldenpacific.co\/en\/ubicacion-2\/","og_site_name":"Golden Pacific","article_publisher":"https:\/\/www.facebook.com\/goldenpacific.co","article_modified_time":"2026-03-03T20:44:25+00:00","og_image":[{"width":512,"height":512,"url":"https:\/\/goldenpacific.co\/wp-content\/uploads\/2026\/02\/cropped-favicongp.jpg","type":"image\/jpeg"}],"twitter_card":"summary_large_image","twitter_misc":{"Est. reading time":"6 minutes"},"schema":{"@context":"https:\/\/schema.org","@graph":[{"@type":"WebPage","@id":"https:\/\/goldenpacific.co\/ubicacion-2\/","url":"https:\/\/goldenpacific.co\/ubicacion-2\/","name":"Cont\u00e1ctenos - Golden Pacific","isPartOf":{"@id":"https:\/\/goldenpacific.co\/#website"},"datePublished":"2026-02-20T01:01:11+00:00","dateModified":"2026-03-03T20:44:25+00:00","breadcrumb":{"@id":"https:\/\/goldenpacific.co\/ubicacion-2\/#breadcrumb"},"inLanguage":"en-US","potentialAction":[{"@type":"ReadAction","target":["https:\/\/goldenpacific.co\/ubicacion-2\/"]}]},{"@type":"BreadcrumbList","@id":"https:\/\/goldenpacific.co\/ubicacion-2\/#breadcrumb","itemListElement":[{"@type":"ListItem","position":1,"name":"Home","item":"https:\/\/goldenpacific.co\/"},{"@type":"ListItem","position":2,"name":"Cont\u00e1ctenos"}]},{"@type":"WebSite","@id":"https:\/\/goldenpacific.co\/#website","url":"https:\/\/goldenpacific.co\/","name":"Golden Pacific","description":"Chips de Pl\u00e1tano Hechos en Costa Rica","publisher":{"@id":"https:\/\/goldenpacific.co\/#organization"},"potentialAction":[{"@type":"SearchAction","target":{"@type":"EntryPoint","urlTemplate":"https:\/\/goldenpacific.co\/?s={search_term_string}"},"query-input":{"@type":"PropertyValueSpecification","valueRequired":true,"valueName":"search_term_string"}}],"inLanguage":"en-US"},{"@type":"Organization","@id":"https:\/\/goldenpacific.co\/#organization","name":"Golden Pacific","url":"https:\/\/goldenpacific.co\/","logo":{"@type":"ImageObject","inLanguage":"en-US","@id":"https:\/\/goldenpacific.co\/#\/schema\/logo\/image\/","url":"https:\/\/goldenpacific.co\/wp-content\/uploads\/2026\/02\/cropped-favicongp.jpg","contentUrl":"https:\/\/goldenpacific.co\/wp-content\/uploads\/2026\/02\/cropped-favicongp.jpg","width":512,"height":512,"caption":"Golden Pacific"},"image":{"@id":"https:\/\/goldenpacific.co\/#\/schema\/logo\/image\/"},"sameAs":["https:\/\/www.facebook.com\/goldenpacific.co","https:\/\/www.instagram.com\/goldenpacific.co\/"]}]}},"_hostinger_reach_plugin_has_subscription_block":false,"_hostinger_reach_plugin_is_elementor":false,"_links":{"self":[{"href":"https:\/\/goldenpacific.co\/en\/wp-json\/wp\/v2\/pages\/484","targetHints":{"allow":["GET"]}}],"collection":[{"href":"https:\/\/goldenpacific.co\/en\/wp-json\/wp\/v2\/pages"}],"about":[{"href":"https:\/\/goldenpacific.co\/en\/wp-json\/wp\/v2\/types\/page"}],"author":[{"embeddable":true,"href":"https:\/\/goldenpacific.co\/en\/wp-json\/wp\/v2\/users\/1"}],"replies":[{"embeddable":true,"href":"https:\/\/goldenpacific.co\/en\/wp-json\/wp\/v2\/comments?post=484"}],"version-history":[{"count":13,"href":"https:\/\/goldenpacific.co\/en\/wp-json\/wp\/v2\/pages\/484\/revisions"}],"predecessor-version":[{"id":653,"href":"https:\/\/goldenpacific.co\/en\/wp-json\/wp\/v2\/pages\/484\/revisions\/653"}],"wp:attachment":[{"href":"https:\/\/goldenpacific.co\/en\/wp-json\/wp\/v2\/media?parent=484"}],"curies":[{"name":"wp","href":"https:\/\/api.w.org\/{rel}","templated":true}]}}